{"id":4100,"date":"2023-01-02T16:01:37","date_gmt":"2023-01-02T16:01:37","guid":{"rendered":"https:\/\/mariajosegarciaarias.es\/testemuno\/"},"modified":"2024-01-15T19:35:54","modified_gmt":"2024-01-15T19:35:54","slug":"testemuno","status":"publish","type":"page","link":"https:\/\/www.dgadespacho.com\/gl\/testemuno\/","title":{"rendered":"Testemu\u00f1o"},"content":{"rendered":"\t\t<div data-elementor-type=\"wp-page\" data-elementor-id=\"4100\" class=\"elementor elementor-4100\">\n\t\t\t\t\t\t<section class=\"elementor-section elementor-top-section elementor-element elementor-element-84aa26a elementor-section-boxed elementor-section-height-default elementor-section-height-default rrdevs-custom-animation-no RRdevs-addons-sticky-no\" data-id=\"84aa26a\" data-element_type=\"section\" data-settings=\"{&quot;background_background&quot;:&quot;classic&quot;,&quot;animation_on&quot;:&quot;no&quot;,&quot;rrdevs_sticky&quot;:&quot;no&quot;}\">\n\t\t\t\t\t\t\t<div class=\"elementor-background-overlay\"><\/div>\n\t\t\t\t\t\t\t<div class=\"elementor-container elementor-column-gap-default\">\n\t\t\t\t\t<div class=\"elementor-column elementor-col-100 elementor-top-column elementor-element elementor-element-d287e5f\" data-id=\"d287e5f\" data-element_type=\"column\">\n\t\t\t<div class=\"elementor-widget-wrap elementor-element-populated\">\n\t\t\t\t\t\t<div class=\"elementor-element elementor-element-1c7f4e9 RRdevs-addons-sticky-no elementor-widget elementor-widget-rrdevs-title\" data-id=\"1c7f4e9\" data-element_type=\"widget\" data-settings=\"{&quot;rrdevs_sticky&quot;:&quot;no&quot;}\" data-widget_type=\"rrdevs-title.default\">\n\t\t\t\t<div class=\"elementor-widget-container\">\n\t\t\t\t\t<h2 class=\"rrdevs-addons-title show-line-no\">Testimonials<\/h2>\t\t\t\t<\/div>\n\t\t\t\t<\/div>\n\t\t\t\t<div class=\"elementor-element elementor-element-7758417 RRdevs-addons-sticky-no elementor-widget elementor-widget-rrdevs-breadcrumb\" data-id=\"7758417\" data-element_type=\"widget\" data-settings=\"{&quot;rrdevs_sticky&quot;:&quot;no&quot;}\" data-widget_type=\"rrdevs-breadcrumb.default\">\n\t\t\t\t<div class=\"elementor-widget-container\">\n\t\t\t\t\t<ul class=\"rrdevs-breadcrumbs\"><li class=\"rrdevs-breadcrumbs-item rrdevs-breadcrumbs-start\"><a href=\"https:\/\/www.dgadespacho.com\/gl\/\" rel=\"home\"><span class=\"rrdevs-breadcrumbs-text\">Home<\/span><\/a><\/li><\/ul>\t\t\t\t<\/div>\n\t\t\t\t<\/div>\n\t\t\t\t\t<\/div>\n\t\t<\/div>\n\t\t\t\t\t<\/div>\n\t\t<\/section>\n\t\t\t\t<section class=\"elementor-section elementor-top-section elementor-element elementor-element-bad764e elementor-section-full_width elementor-section-height-default elementor-section-height-default rrdevs-custom-animation-no RRdevs-addons-sticky-no\" data-id=\"bad764e\" data-element_type=\"section\" data-settings=\"{&quot;background_background&quot;:&quot;classic&quot;,&quot;animation_on&quot;:&quot;no&quot;,&quot;rrdevs_sticky&quot;:&quot;no&quot;}\">\n\t\t\t\t\t\t<div class=\"elementor-container elementor-column-gap-no\">\n\t\t\t\t\t<div class=\"elementor-column elementor-col-100 elementor-top-column elementor-element elementor-element-2b79305\" data-id=\"2b79305\" data-element_type=\"column\">\n\t\t\t<div class=\"elementor-widget-wrap elementor-element-populated\">\n\t\t\t\t\t\t<section class=\"elementor-section elementor-inner-section elementor-element elementor-element-e79934e elementor-section-boxed elementor-section-height-default elementor-section-height-default rrdevs-custom-animation-no RRdevs-addons-sticky-no\" data-id=\"e79934e\" data-element_type=\"section\" data-settings=\"{&quot;animation_on&quot;:&quot;no&quot;,&quot;rrdevs_sticky&quot;:&quot;no&quot;}\">\n\t\t\t\t\t\t<div class=\"elementor-container elementor-column-gap-no\">\n\t\t\t\t\t<div class=\"elementor-column elementor-col-100 elementor-inner-column elementor-element elementor-element-4c96470\" data-id=\"4c96470\" data-element_type=\"column\">\n\t\t\t<div class=\"elementor-widget-wrap elementor-element-populated\">\n\t\t\t\t\t\t<div class=\"elementor-element elementor-element-5e72bde elementor-align-center elementor-list-item-link-full_width RRdevs-addons-sticky-no elementor-widget elementor-widget-icon-list\" data-id=\"5e72bde\" data-element_type=\"widget\" data-settings=\"{&quot;rrdevs_sticky&quot;:&quot;no&quot;}\" data-widget_type=\"icon-list.default\">\n\t\t\t\t<div class=\"elementor-widget-container\">\n\t\t\t\t\t\t\t<ul class=\"elementor-icon-list-items\">\n\t\t\t\t\t\t\t<li class=\"elementor-icon-list-item\">\n\t\t\t\t\t\t\t\t\t\t\t<span class=\"elementor-icon-list-icon\">\n\t\t\t\t\t\t\t<svg xmlns=\"http:\/\/www.w3.org\/2000\/svg\" width=\"20\" height=\"21\" viewBox=\"0 0 20 21\" fill=\"none\"><path d=\"M19.9982 9.01949C19.9959 8.99558 19.9911 8.97199 19.9837 8.94912C19.9791 8.92546 19.972 8.90235 19.9625 8.8802C19.9625 8.8749 19.9625 8.86912 19.9572 8.86382L17.0654 3.5622C17.0616 3.55449 17.0524 3.55208 17.0481 3.54485C17.0167 3.49326 16.9727 3.45049 16.9203 3.42056C16.8678 3.39063 16.8087 3.37453 16.7483 3.37375H12.2535C12.1772 2.89965 11.9534 2.46167 11.6139 2.12213C11.2743 1.78258 10.8363 1.55876 10.3622 1.48252V0.361474C10.3622 0.265605 10.3242 0.173663 10.2564 0.105873C10.1886 0.0380837 10.0966 0 10.0008 0C9.9049 0 9.81296 0.0380837 9.74517 0.105873C9.67738 0.173663 9.6393 0.265605 9.6393 0.361474V1.48252C9.1652 1.55876 8.72722 1.78258 8.38767 2.12213C8.04812 2.46167 7.82431 2.89965 7.74807 3.37375H3.25326C3.19289 3.37453 3.1337 3.39063 3.08126 3.42056C3.02882 3.45049 2.98485 3.49326 2.95348 3.54485C2.94914 3.55208 2.93999 3.55449 2.93613 3.5622L0.0443408 8.86382C0.041449 8.86912 0.0414489 8.8749 0.0390391 8.8802C0.0295283 8.90235 0.0224191 8.92546 0.0178328 8.94912C0.0104828 8.97199 0.00563468 8.99558 0.00337374 9.01949C0.00337374 9.02576 0 9.03058 0 9.03684C1.81826e-08 9.89966 0.342754 10.7271 0.952859 11.3372C1.56296 11.9474 2.39044 12.2901 3.25326 12.2901C4.11608 12.2901 4.94356 11.9474 5.55367 11.3372C6.16377 10.7271 6.50653 9.89966 6.50653 9.03684C6.50653 9.03058 6.50315 9.02576 6.50315 9.01949C6.50089 8.99558 6.49604 8.97199 6.48869 8.94912C6.48411 8.92546 6.477 8.90235 6.46749 8.8802C6.46749 8.8749 6.46749 8.86912 6.46219 8.86382L3.85958 4.0967H7.74566C7.80156 4.44162 7.93598 4.76909 8.13855 5.0538C8.34111 5.33851 8.60641 5.57287 8.91394 5.73876V17.8327H6.62702C6.33941 17.8327 6.06358 17.947 5.86022 18.1503C5.65685 18.3537 5.5426 18.6295 5.5426 18.9171C5.5426 19.2047 5.65685 19.4806 5.86022 19.6839C6.06358 19.8873 6.33941 20.0015 6.62702 20.0015H13.3745C13.6621 20.0015 13.938 19.8873 14.1413 19.6839C14.3447 19.4806 14.4589 19.2047 14.4589 18.9171C14.4589 18.6295 14.3447 18.3537 14.1413 18.1503C13.938 17.947 13.6621 17.8327 13.3745 17.8327H11.0852V5.73876C11.3927 5.57287 11.658 5.33851 11.8606 5.0538C12.0632 4.76909 12.1976 4.44162 12.2535 4.0967H16.1396L13.5369 8.86382C13.5341 8.86912 13.5341 8.8749 13.5316 8.8802C13.5221 8.90235 13.515 8.92546 13.5104 8.94912C13.5031 8.97199 13.4982 8.99558 13.496 9.01949C13.496 9.02576 13.4926 9.03058 13.4926 9.03684C13.4926 9.89966 13.8354 10.7271 14.4455 11.3372C15.0556 11.9474 15.8831 12.2901 16.7459 12.2901C17.6087 12.2901 18.4362 11.9474 19.0463 11.3372C19.6564 10.7271 19.9991 9.89966 19.9991 9.03684C20.0015 9.03058 19.9982 9.02576 19.9982 9.01949ZM19.0313 8.67537H14.4652L16.7483 4.48998L19.0313 8.67537ZM3.25326 4.48998L5.53633 8.67537H0.970195L3.25326 4.48998ZM3.25326 11.5672C2.64474 11.5667 2.05669 11.3473 1.59654 10.9491C1.1364 10.5509 0.83487 10.0005 0.747046 9.39832H5.75948C5.67166 10.0005 5.37013 10.5509 4.90998 10.9491C4.44984 11.3473 3.86179 11.5667 3.25326 11.5672ZM13.736 18.9171C13.736 19.013 13.6979 19.1049 13.6301 19.1727C13.5623 19.2405 13.4704 19.2786 13.3745 19.2786H6.62702C6.53115 19.2786 6.43921 19.2405 6.37142 19.1727C6.30363 19.1049 6.26554 19.013 6.26554 18.9171C6.26554 18.8213 6.30363 18.7293 6.37142 18.6615C6.43921 18.5937 6.53115 18.5556 6.62702 18.5556H13.3745C13.4704 18.5556 13.5623 18.5937 13.6301 18.6615C13.6979 18.7293 13.736 18.8213 13.736 18.9171ZM10.3622 17.8327H9.6393V5.98793C9.87781 6.03677 10.1237 6.03677 10.3622 5.98793V17.8327ZM10.0008 5.30161C9.69097 5.30161 9.38813 5.20975 9.13053 5.03763C8.87294 4.86551 8.67218 4.62088 8.55362 4.33466C8.43506 4.04844 8.40404 3.73349 8.46448 3.42964C8.52492 3.12579 8.67411 2.84669 8.89317 2.62763C9.11223 2.40856 9.39134 2.25938 9.69518 2.19894C9.99903 2.1385 10.314 2.16952 10.6002 2.28808C10.8864 2.40663 11.1311 2.6074 11.3032 2.86499C11.4753 3.12258 11.5672 3.42543 11.5672 3.73523C11.5666 4.1505 11.4015 4.54862 11.1078 4.84227C10.8142 5.13591 10.416 5.3011 10.0008 5.30161ZM16.7483 11.5672C16.1398 11.5667 15.5517 11.3473 15.0916 10.9491C14.6314 10.5509 14.3299 10.0005 14.2421 9.39832H19.2545C19.1667 10.0005 18.8651 10.5509 18.405 10.9491C17.9449 11.3473 17.3568 11.5667 16.7483 11.5672Z\" fill=\"#B69D74\"><\/path><\/svg>\t\t\t\t\t\t<\/span>\n\t\t\t\t\t\t\t\t\t\t<span class=\"elementor-icon-list-text\">Testemu\u00f1os<\/span>\n\t\t\t\t\t\t\t\t\t<\/li>\n\t\t\t\t\t\t<\/ul>\n\t\t\t\t\t\t<\/div>\n\t\t\t\t<\/div>\n\t\t\t\t<div class=\"elementor-element elementor-element-c796f9a RRdevs-addons-sticky-no elementor-widget elementor-widget-heading\" data-id=\"c796f9a\" data-element_type=\"widget\" data-settings=\"{&quot;rrdevs_sticky&quot;:&quot;no&quot;}\" data-widget_type=\"heading.default\">\n\t\t\t\t<div class=\"elementor-widget-container\">\n\t\t\t\t\t<h2 class=\"elementor-heading-title elementor-size-default\">Testemu\u00f1os do cliente<\/h2>\t\t\t\t<\/div>\n\t\t\t\t<\/div>\n\t\t\t\t<div class=\"elementor-element elementor-element-e68266f RRdevs-addons-sticky-no elementor-widget elementor-widget-text-editor\" data-id=\"e68266f\" data-element_type=\"widget\" data-settings=\"{&quot;rrdevs_sticky&quot;:&quot;no&quot;}\" data-widget_type=\"text-editor.default\">\n\t\t\t\t<div class=\"elementor-widget-container\">\n\t\t\t\t\t\t\t\t\t<p>Lorem ipsum dolor sit amet, consectetur adipiscing elit, sed do eiusmod tempor incididunt ut labore et dolore magna aliqua<\/p>\n\t\t\t\t\t\t\t\t<\/div>\n\t\t\t\t<\/div>\n\t\t\t\t\t<\/div>\n\t\t<\/div>\n\t\t\t\t\t<\/div>\n\t\t<\/section>\n\t\t\t\t<section class=\"elementor-section elementor-inner-section elementor-element elementor-element-68f9de9 elementor-section-boxed elementor-section-height-default elementor-section-height-default rrdevs-custom-animation-no RRdevs-addons-sticky-no\" data-id=\"68f9de9\" data-element_type=\"section\" data-settings=\"{&quot;animation_on&quot;:&quot;no&quot;,&quot;rrdevs_sticky&quot;:&quot;no&quot;}\">\n\t\t\t\t\t\t<div class=\"elementor-container elementor-column-gap-default\">\n\t\t\t\t\t<div class=\"elementor-column elementor-col-100 elementor-inner-column elementor-element elementor-element-1c4ba92\" data-id=\"1c4ba92\" data-element_type=\"column\">\n\t\t\t<div class=\"elementor-widget-wrap\">\n\t\t\t\t\t\t\t<\/div>\n\t\t<\/div>\n\t\t\t\t\t<\/div>\n\t\t<\/section>\n\t\t\t\t\t<\/div>\n\t\t<\/div>\n\t\t\t\t\t<\/div>\n\t\t<\/section>\n\t\t\t\t<\/div>\n\t\t","protected":false},"excerpt":{"rendered":"<p>Testimonials Home Testemu\u00f1os Testemu\u00f1os do cliente Lorem ipsum dolor sit amet, consectetur adipiscing elit, sed do eiusmod tempor incididunt ut labore et dolore magna aliqua Md Ashikul Islam Team Leader Lorem ipsum dolor sit amet, consectetur adipiscing elit, sed do eiusmod tempor incididunt ut labore et dolore magna aliqua. Ut enim ad minim veniam. Masum [&hellip;]<\/p>\n","protected":false},"author":1,"featured_media":0,"parent":0,"menu_order":0,"comment_status":"closed","ping_status":"closed","template":"elementor_header_footer","meta":{"inline_featured_image":false,"footnotes":""},"class_list":["post-4100","page","type-page","status-publish","hentry"],"acf":[],"yoast_head":"<!-- This site is optimized with the Yoast SEO plugin v25.9 - https:\/\/yoast.com\/wordpress\/plugins\/seo\/ -->\n<title>Testemu\u00f1o - DGA Abodgados<\/title>\n<meta name=\"robots\" content=\"index, follow, max-snippet:-1, max-image-preview:large, max-video-preview:-1\" \/>\n<link rel=\"canonical\" href=\"https:\/\/www.dgadespacho.com\/gl\/testemuno\/\" \/>\n<meta property=\"og:locale\" content=\"gl_ES\" \/>\n<meta property=\"og:type\" content=\"article\" \/>\n<meta property=\"og:title\" content=\"Testemu\u00f1o - DGA Abodgados\" \/>\n<meta property=\"og:description\" content=\"Testimonials Home Testemu\u00f1os Testemu\u00f1os do cliente Lorem ipsum dolor sit amet, consectetur adipiscing elit, sed do eiusmod tempor incididunt ut labore et dolore magna aliqua Md Ashikul Islam Team Leader Lorem ipsum dolor sit amet, consectetur adipiscing elit, sed do eiusmod tempor incididunt ut labore et dolore magna aliqua. Ut enim ad minim veniam. Masum [&hellip;]\" \/>\n<meta property=\"og:url\" content=\"https:\/\/www.dgadespacho.com\/gl\/testemuno\/\" \/>\n<meta property=\"og:site_name\" content=\"DGA Abodgados\" \/>\n<meta property=\"article:modified_time\" content=\"2024-01-15T19:35:54+00:00\" \/>\n<meta property=\"og:image\" content=\"https:\/\/mariajosegarciaarias.es\/wp-content\/uploads\/2022\/12\/t_1.png\" \/>\n<meta name=\"twitter:card\" content=\"summary_large_image\" \/>\n<meta name=\"twitter:label1\" content=\"Tempo de lectura\" \/>\n\t<meta name=\"twitter:data1\" content=\"1 minuto\" \/>\n<script type=\"application\/ld+json\" class=\"yoast-schema-graph\">{\"@context\":\"https:\/\/schema.org\",\"@graph\":[{\"@type\":\"WebPage\",\"@id\":\"https:\/\/www.dgadespacho.com\/gl\/testemuno\/\",\"url\":\"https:\/\/www.dgadespacho.com\/gl\/testemuno\/\",\"name\":\"Testemu\u00f1o - DGA Abodgados\",\"isPartOf\":{\"@id\":\"https:\/\/www.dgadespacho.com\/gl\/#website\"},\"primaryImageOfPage\":{\"@id\":\"https:\/\/www.dgadespacho.com\/gl\/testemuno\/#primaryimage\"},\"image\":{\"@id\":\"https:\/\/www.dgadespacho.com\/gl\/testemuno\/#primaryimage\"},\"thumbnailUrl\":\"https:\/\/mariajosegarciaarias.es\/wp-content\/uploads\/2022\/12\/t_1.png\",\"datePublished\":\"2023-01-02T16:01:37+00:00\",\"dateModified\":\"2024-01-15T19:35:54+00:00\",\"breadcrumb\":{\"@id\":\"https:\/\/www.dgadespacho.com\/gl\/testemuno\/#breadcrumb\"},\"inLanguage\":\"gl-ES\",\"potentialAction\":[{\"@type\":\"ReadAction\",\"target\":[\"https:\/\/www.dgadespacho.com\/gl\/testemuno\/\"]}]},{\"@type\":\"ImageObject\",\"inLanguage\":\"gl-ES\",\"@id\":\"https:\/\/www.dgadespacho.com\/gl\/testemuno\/#primaryimage\",\"url\":\"https:\/\/mariajosegarciaarias.es\/wp-content\/uploads\/2022\/12\/t_1.png\",\"contentUrl\":\"https:\/\/mariajosegarciaarias.es\/wp-content\/uploads\/2022\/12\/t_1.png\"},{\"@type\":\"BreadcrumbList\",\"@id\":\"https:\/\/www.dgadespacho.com\/gl\/testemuno\/#breadcrumb\",\"itemListElement\":[{\"@type\":\"ListItem\",\"position\":1,\"name\":\"Paxina principal\",\"item\":\"https:\/\/www.dgadespacho.com\/gl\/\"},{\"@type\":\"ListItem\",\"position\":2,\"name\":\"Testemu\u00f1o\"}]},{\"@type\":\"WebSite\",\"@id\":\"https:\/\/www.dgadespacho.com\/gl\/#website\",\"url\":\"https:\/\/www.dgadespacho.com\/gl\/\",\"name\":\"DGA Abodgados\",\"description\":\"Despacho de abogados en sarria\",\"potentialAction\":[{\"@type\":\"SearchAction\",\"target\":{\"@type\":\"EntryPoint\",\"urlTemplate\":\"https:\/\/www.dgadespacho.com\/gl\/?s={search_term_string}\"},\"query-input\":{\"@type\":\"PropertyValueSpecification\",\"valueRequired\":true,\"valueName\":\"search_term_string\"}}],\"inLanguage\":\"gl-ES\"}]}<\/script>\n<!-- \/ Yoast SEO plugin. -->","yoast_head_json":{"title":"Testemu\u00f1o - DGA Abodgados","robots":{"index":"index","follow":"follow","max-snippet":"max-snippet:-1","max-image-preview":"max-image-preview:large","max-video-preview":"max-video-preview:-1"},"canonical":"https:\/\/www.dgadespacho.com\/gl\/testemuno\/","og_locale":"gl_ES","og_type":"article","og_title":"Testemu\u00f1o - DGA Abodgados","og_description":"Testimonials Home Testemu\u00f1os Testemu\u00f1os do cliente Lorem ipsum dolor sit amet, consectetur adipiscing elit, sed do eiusmod tempor incididunt ut labore et dolore magna aliqua Md Ashikul Islam Team Leader Lorem ipsum dolor sit amet, consectetur adipiscing elit, sed do eiusmod tempor incididunt ut labore et dolore magna aliqua. Ut enim ad minim veniam. Masum [&hellip;]","og_url":"https:\/\/www.dgadespacho.com\/gl\/testemuno\/","og_site_name":"DGA Abodgados","article_modified_time":"2024-01-15T19:35:54+00:00","og_image":[{"url":"https:\/\/mariajosegarciaarias.es\/wp-content\/uploads\/2022\/12\/t_1.png","type":"","width":"","height":""}],"twitter_card":"summary_large_image","twitter_misc":{"Tempo de lectura":"1 minuto"},"schema":{"@context":"https:\/\/schema.org","@graph":[{"@type":"WebPage","@id":"https:\/\/www.dgadespacho.com\/gl\/testemuno\/","url":"https:\/\/www.dgadespacho.com\/gl\/testemuno\/","name":"Testemu\u00f1o - DGA Abodgados","isPartOf":{"@id":"https:\/\/www.dgadespacho.com\/gl\/#website"},"primaryImageOfPage":{"@id":"https:\/\/www.dgadespacho.com\/gl\/testemuno\/#primaryimage"},"image":{"@id":"https:\/\/www.dgadespacho.com\/gl\/testemuno\/#primaryimage"},"thumbnailUrl":"https:\/\/mariajosegarciaarias.es\/wp-content\/uploads\/2022\/12\/t_1.png","datePublished":"2023-01-02T16:01:37+00:00","dateModified":"2024-01-15T19:35:54+00:00","breadcrumb":{"@id":"https:\/\/www.dgadespacho.com\/gl\/testemuno\/#breadcrumb"},"inLanguage":"gl-ES","potentialAction":[{"@type":"ReadAction","target":["https:\/\/www.dgadespacho.com\/gl\/testemuno\/"]}]},{"@type":"ImageObject","inLanguage":"gl-ES","@id":"https:\/\/www.dgadespacho.com\/gl\/testemuno\/#primaryimage","url":"https:\/\/mariajosegarciaarias.es\/wp-content\/uploads\/2022\/12\/t_1.png","contentUrl":"https:\/\/mariajosegarciaarias.es\/wp-content\/uploads\/2022\/12\/t_1.png"},{"@type":"BreadcrumbList","@id":"https:\/\/www.dgadespacho.com\/gl\/testemuno\/#breadcrumb","itemListElement":[{"@type":"ListItem","position":1,"name":"Paxina principal","item":"https:\/\/www.dgadespacho.com\/gl\/"},{"@type":"ListItem","position":2,"name":"Testemu\u00f1o"}]},{"@type":"WebSite","@id":"https:\/\/www.dgadespacho.com\/gl\/#website","url":"https:\/\/www.dgadespacho.com\/gl\/","name":"DGA Abodgados","description":"Despacho de abogados en sarria","potentialAction":[{"@type":"SearchAction","target":{"@type":"EntryPoint","urlTemplate":"https:\/\/www.dgadespacho.com\/gl\/?s={search_term_string}"},"query-input":{"@type":"PropertyValueSpecification","valueRequired":true,"valueName":"search_term_string"}}],"inLanguage":"gl-ES"}]}},"_links":{"self":[{"href":"https:\/\/www.dgadespacho.com\/gl\/wp-json\/wp\/v2\/pages\/4100","targetHints":{"allow":["GET"]}}],"collection":[{"href":"https:\/\/www.dgadespacho.com\/gl\/wp-json\/wp\/v2\/pages"}],"about":[{"href":"https:\/\/www.dgadespacho.com\/gl\/wp-json\/wp\/v2\/types\/page"}],"author":[{"embeddable":true,"href":"https:\/\/www.dgadespacho.com\/gl\/wp-json\/wp\/v2\/users\/1"}],"replies":[{"embeddable":true,"href":"https:\/\/www.dgadespacho.com\/gl\/wp-json\/wp\/v2\/comments?post=4100"}],"version-history":[{"count":0,"href":"https:\/\/www.dgadespacho.com\/gl\/wp-json\/wp\/v2\/pages\/4100\/revisions"}],"wp:attachment":[{"href":"https:\/\/www.dgadespacho.com\/gl\/wp-json\/wp\/v2\/media?parent=4100"}],"curies":[{"name":"wp","href":"https:\/\/api.w.org\/{rel}","templated":true}]}}